{"id":746,"date":"2025-02-10T08:02:00","date_gmt":"2025-02-09T23:02:00","guid":{"rendered":"https:\/\/lgbtq.co.jp\/?page_id=746"},"modified":"2025-07-20T17:22:59","modified_gmt":"2025-07-20T08:22:59","slug":"ducktack-patent","status":"publish","type":"page","link":"https:\/\/lgbtq.co.jp\/de\/ducktack-patent\/","title":{"rendered":"DuckTack Patente, Marken und geistige Eigentumsrechte"},"content":{"rendered":"<h2>Bitte sehen Sie von der Herstellung und dem Verkauf von Kopien und \u00e4hnlichen Produkten ab.<\/h2>\n<p>DuckTack ist kein Spielzeug f\u00fcr Erwachsene (SEXTOY). Es ist ein Artikel f\u00fcr die Pflege des Geistes und des K\u00f6rpers einer kleinen Anzahl von Menschen, einschlie\u00dflich Transgender-Frauen und Crossdresser.<\/p>\n<p>Nur eine Minderheit ben\u00f6tigt \"tack\" oder \"tacking\", und es handelt sich um einen kleinen Markt, auf dem mehrere Hersteller nicht nebeneinander bestehen k\u00f6nnen.<\/p>\n<p>Wenn mehrere Hersteller in den Markt eintreten, w\u00fcrden die verstreuten Verk\u00e4ufe nicht einmal die Anfangsinvestitionen in Formen und Verpackungen amortisieren, und alle w\u00fcrden verschwinden.<\/p>\n<p>Wir sind nicht nur aus Profitgr\u00fcnden in diesem Gesch\u00e4ft. Dies ist ein kleiner Markt, auf den sich gro\u00dfe Unternehmen nicht konzentrieren. Es ist auch eine Aktivit\u00e4t, die sich um den Geist und den K\u00f6rper von sexuellen Minderheiten k\u00fcmmert, die unter gro\u00dfen Problemen leiden.<br \/>\nWenn die Zahl der verletzenden und kopierenden Produkte zunimmt, k\u00f6nnen wir unser Gesch\u00e4ft leider nicht fortsetzen, und eine Option f\u00fcr sexuelle Minderheiten, die sie wirklich brauchen, wird verschwinden, und die Entwicklung der Klebetechnik wird bis zum Auslaufen des Patents im Jahr 2044 zum Stillstand kommen.<br \/>\nWir vertrauen darauf, dass Sie das verstehen werden.<\/p>\n<h2>Patente, Marken und Rechte an geistigem Eigentum<\/h2>\n<ul>\n<li style=\"list-style-type: none;\">\n<ul>\n<li>Markeneintragung: \"DuckTack\" und \"DuckTack\" sind eingetragene Marken von Amour Fleuril Ltd. Warenzeicheneintragung Nr. 6871719 und Nr. 6871720.<\/li>\n<li>Patentanmeldung: DuckTack ist beim japanischen Patentamt zum Patent angemeldet. Patent Nr. 7626501.<\/li>\n<li>Internationale PCT-Anmeldung mit der Nummer PCT\/JP2025\/023137.<\/li>\n<li>Die Anmeldung von Patenten in anderen L\u00e4ndern, darunter China, die USA und S\u00fcdkorea, wird derzeit vorbereitet.<\/li>\n<\/ul>\n<\/li>\n<\/ul>\n<p>Es wurden sieben verschiedene Konstruktionspatente erteilt.<\/p>\n<p><img loading=\"lazy\" decoding=\"async\" class=\"aligncenter size-full wp-image-1423\" src=\"https:\/\/lgbtq.co.jp\/wp-content\/uploads\/2025\/07\/ba6cf1fc70896053d17535850599022f.jpg\" alt=\"DuckTack 7 verschiedene patentierte Konstruktionszeichnungen.\" width=\"390\" height=\"630\" srcset=\"https:\/\/lgbtq.co.jp\/wp-content\/uploads\/2025\/07\/ba6cf1fc70896053d17535850599022f.jpg 390w, https:\/\/lgbtq.co.jp\/wp-content\/uploads\/2025\/07\/ba6cf1fc70896053d17535850599022f-186x300.jpg 186w, https:\/\/lgbtq.co.jp\/wp-content\/uploads\/2025\/07\/ba6cf1fc70896053d17535850599022f-7x12.jpg 7w\" sizes=\"auto, (max-width: 390px) 100vw, 390px\" \/><\/p>\n<h2><span style=\"color: #ff0000;\">Warnung!<\/span><\/h2>\n<p><span style=\"color: #ff0000;\">Bei Verletzungen von Rechten des geistigen Eigentums, wie z.B. Herstellung, Verkauf, Import und Export von kopierten und \u00e4hnlichen Waren, setzen wir Unterlassungs- und Schadensersatzanspr\u00fcche in Verbindung mit einer Unterlassungserkl\u00e4rung durch.<\/span><\/p>\n<p>*Der Verkauf von Kopien oder anderen Produkten, die gegen das geistige Eigentum versto\u00dfen, auf gro\u00dfen E-Commerce-Websites birgt das Risiko einer Kontosperrung und des Verlusts Ihrer bisherigen Erfolgsbilanz.<\/p>\n<h3 class=\"styled_h3\">Lizenzvereinbarung f\u00fcr ein Land und ein Unternehmen Angeboten!<\/h3>\n<p>Das Unternehmen bem\u00fcht sich um eine Lizenzvereinbarung f\u00fcr den Exklusivvertrieb in L\u00e4ndern au\u00dferhalb Japans.<br \/>\nEs ist ein kleiner Markt, auf dem mehrere Unternehmen nicht nebeneinander bestehen k\u00f6nnen, aber wir glauben, dass es ein lebensf\u00e4higes Gesch\u00e4ft sein kann, wenn es in jedem Land ausschlie\u00dflich von einem Unternehmen verkauft wird.<br \/>\nNach einer Reihe von Testverk\u00e4ufen in Japan wurde deutlich, dass es mehr Bed\u00fcrftige gab als erwartet.<\/p>\n<p>Japanische Unternehmen mit Niederlassungen in \u00dcbersee. Unternehmen aus \u00dcbersee schicken uns bitte eine E-Mail, wenn sie interessiert sind.<\/p>\n<p>Wir haben bereits mehrere Produkte identifiziert, die unsere Patente verletzen.<br \/>\nGegen Hersteller, Verk\u00e4ufer und Einkaufszentren, die das Produkt vertreiben, sind Klagen und Vorbereitungen im Gange.<br \/>\nSelbst wenn Ihr Unternehmen Ums\u00e4tze macht, werden Sie f\u00fcr weitere Sch\u00e4den haftbar sein.<br \/>\nErw\u00e4gen Sie die sofortige Einstellung der Produktion und des Verkaufs oder eine Patentnutzungsvereinbarung und Verhandlungen.<\/p>\n<p>In der Betreffzeile sollte \"DuckTack-Lizenz\" auf Japanisch stehen.<br \/>\nSpeziell f\u00fcr Lizenzvertragsanfragen amufurupatent@gmail.com<\/p>","protected":false},"excerpt":{"rendered":"\u30b3\u30d4\u30fc\u5546\u54c1\u30fb\u985e\u4f3c\u5546\u54c1\u306e\u88fd\u9020\u3084\u8ca9\u58f2\u306f\u3054\u9060\u616e\u304f\u3060\u3055\u3044 DuckTack\u306f\u30a2\u30c0\u30eb\u30c8\u73a9\u5177\uff08SEXTOY\uff09\u3067\u306f\u3042\u308a\u307e\u305b\u3093\u3002\u30c8\u30e9\u30f3\u30b9\u30b8\u30a7\u30f3\u30c0\u30fc\u5973\u6027\u30fb\u30af\u30ed\u30b9\u30c9\u30ec\u30c3\u30b5\u30fc\u306a\u3069\u5c11\u6570\u306e\u4eba\u9054\u306e\u5fc3\u3068\u8eab\u4f53\u3092\u30b1\u30a2\u3059\u308b\u30a2\u30a4\u30c6\u30e0\u3067\u3059\u3002 \u300c\u30bf\u30c3\u30af\u300d\u300c\u30bf\u30c3\u30ad [&hellip;]","protected":false},"author":1,"featured_media":0,"parent":0,"menu_order":0,"comment_status":"closed","ping_status":"closed","template":"","meta":{"footnotes":""},"class_list":["post-746","page","type-page","status-publish","hentry"],"_links":{"self":[{"href":"https:\/\/lgbtq.co.jp\/de\/wp-json\/wp\/v2\/pages\/746","targetHints":{"allow":["GET"]}}],"collection":[{"href":"https:\/\/lgbtq.co.jp\/de\/wp-json\/wp\/v2\/pages"}],"about":[{"href":"https:\/\/lgbtq.co.jp\/de\/wp-json\/wp\/v2\/types\/page"}],"author":[{"embeddable":true,"href":"https:\/\/lgbtq.co.jp\/de\/wp-json\/wp\/v2\/users\/1"}],"replies":[{"embeddable":true,"href":"https:\/\/lgbtq.co.jp\/de\/wp-json\/wp\/v2\/comments?post=746"}],"version-history":[{"count":14,"href":"https:\/\/lgbtq.co.jp\/de\/wp-json\/wp\/v2\/pages\/746\/revisions"}],"predecessor-version":[{"id":1424,"href":"https:\/\/lgbtq.co.jp\/de\/wp-json\/wp\/v2\/pages\/746\/revisions\/1424"}],"wp:attachment":[{"href":"https:\/\/lgbtq.co.jp\/de\/wp-json\/wp\/v2\/media?parent=746"}],"curies":[{"name":"wp","href":"https:\/\/api.w.org\/{rel}","templated":true}]}}